{"id":597,"date":"2025-05-13T13:34:20","date_gmt":"2025-05-13T11:34:20","guid":{"rendered":"https:\/\/logosatendido.com\/inicio\/"},"modified":"2026-01-08T20:19:00","modified_gmt":"2026-01-08T19:19:00","slug":"inicio","status":"publish","type":"page","link":"https:\/\/logosatendido.com\/ca\/","title":{"rendered":"Inici"},"content":{"rendered":"<div class=\"et_pb_section_0 et_pb_section et_section_regular et_block_section et_pb_section_parallax\"><span class=\"et-pb-parallax-wrapper\"><span class=\"et-pb-parallax-background et-pb-parallax-background-module--divi-section-0\" style=\"background-image:url(https:\/\/logosatendido.com\/wp-content\/uploads\/2025\/07\/filosofia-el-logos-atendido-4.jpg)\"><\/span><\/span>\n<div class=\"et_pb_row_0 et_pb_row et_pb_gutters3 et_block_row\">\n<div class=\"et_pb_column_0 et_pb_column et_pb_column_4_4 et-last-child et_block_column et_pb_css_mix_blend_mode_passthrough\">\n<div class=\"et_pb_image_0 et_pb_image et_pb_module et_block_module\"><span class=\"et_pb_image_wrap\"><img loading=\"lazy\" decoding=\"async\" src=\"https:\/\/logosatendido.com\/wp-content\/uploads\/2025\/07\/EL-LOGOS-ATENDIDO-filosofa.png\" width=\"300\" height=\"120\" sizes=\"(max-width: 300px) 100vw, 300px\" class=\"wp-image-175\" title=\"EL-LOGOS-ATENDIDO-filosofa\" \/><\/span><\/div>\n\n<div class=\"et_pb_text_0 et_pb_text et_pb_bg_layout_light et_pb_module et_block_module preset--group--divi-text--divi-font-body--default preset--module--divi-text--default\"><div class=\"et_pb_text_inner\"><h1>El Logos at\u00e9s<\/h1>\n<\/div><\/div>\n\n<div class=\"et_pb_text_1 et_pb_text et_pb_bg_layout_light et_pb_module et_block_module preset--group--divi-text--divi-font-body--default preset--module--divi-text--default\"><div class=\"et_pb_text_inner\"><p>Acompanyament filos\u00f2fic<\/p>\n<\/div><\/div>\n<\/div>\n<\/div>\n<\/div>\n\n<div class=\"et_pb_section_1 et_pb_section et_section_regular et_block_section\">\n<div class=\"et_pb_row_1 et_pb_row et_pb_gutters3 et_block_row\">\n<div class=\"et_pb_column_1 et_pb_column et_pb_column_3_5 et_block_column et_pb_css_mix_blend_mode_passthrough\">\n<div class=\"et_pb_blurb_0 et_pb_blurb et_pb_bg_layout_light et_pb_text_align_left et_pb_blurb_position_top et_pb_module et_block_module preset--group--divi-blurb--divi-font-body--default preset--module--divi-blurb--default\"><div class=\"et_pb_blurb_content\"><div class=\"et_pb_main_blurb_image\"><span class=\"et_pb_image_wrap\"><span class=\"et-pb-icon et-waypoint et_pb_animation_top et_pb_animation_top_tablet et_pb_animation_top_phone\">{<\/span><\/span><\/div><div class=\"et_pb_blurb_container\"><h1 class=\"et_pb_module_header\">Per qu\u00e8 &#8220;El logos atendido&#8221;?<\/h1><div class=\"et_pb_blurb_description\"><p data-pm-slice=\"1 1 []\">Mirem amb atenci\u00f3 al logos, amb compte, amb tendresa i, delicadament, ens endinsem en la comprensi\u00f3 de nosaltres mateixos, del m\u00f3n, de l&#8217;altre&#8230;<br \/>Atenem al logos com a paraula, pensament, ra\u00f3, llei universal i ordre&#8230; i, sobretot, com a Ser.<br \/>Ser singularitzat en cadascun, un Sent dir\u00edem.<br \/>Ser que nom\u00e9s pot ser indagat per nosaltres, mentre ho vivim.<br \/>El Logos com Jo profund que anhela ser vist.<\/p>\n<\/div><\/div><\/div><\/div>\n<\/div>\n\n<div class=\"et_pb_column_2 et_pb_column et_pb_column_2_5 et-last-child et_block_column et_pb_css_mix_blend_mode_passthrough\">\n<div class=\"et_pb_image_1 et_pb_image et_pb_module et_block_module\"><span class=\"et_pb_image_wrap\"><img loading=\"lazy\" decoding=\"async\" src=\"https:\/\/logosatendido.com\/wp-content\/uploads\/2025\/09\/logos-filosofia-denia.jpg\" width=\"576\" height=\"800\" srcset=\"https:\/\/logosatendido.com\/wp-content\/uploads\/2025\/09\/logos-filosofia-denia.jpg 576w, https:\/\/logosatendido.com\/wp-content\/uploads\/2025\/09\/logos-filosofia-denia-480x667.jpg 480w\" sizes=\"(min-width: 0px) and (max-width: 480px) 480px, (min-width: 481px) 576px, 100vw\" class=\"wp-image-465\" title=\"Fil\u00f3sofas. Arminda Garc\u00eda y Silvia Artigues\" alt=\"Fil\u00f3sofas. Arminda Garc\u00eda y Silvia Artigues\" \/><\/span><\/div>\n\n<div class=\"et_pb_text_2 et_pb_text et_pb_bg_layout_light et_pb_module et_block_module preset--group--divi-text--divi-font-body--default preset--module--divi-text--default\"><div class=\"et_pb_text_inner\"><p>Nina Llorens<\/p>\n<\/div><\/div>\n<\/div>\n<\/div>\n<\/div>\n\n<div class=\"et_pb_section_2 et_pb_section et_section_regular et_block_section\">\n<div class=\"et_pb_row_2 et_pb_row et_pb_row_4col et_pb_equal_columns et_pb_gutters2 et_block_row\">\n<div class=\"et_pb_column_3 et_pb_column et_pb_column_1_4 et_block_column et_pb_css_mix_blend_mode_passthrough et_clickable\">\n<div class=\"et_pb_heading_0 et_pb_heading et_pb_module et_block_module\"><div class=\"et_pb_heading_container\"><h5 class=\"et_pb_module_header\">FILOSOFIA PR\u00c0CTICA<\/h5><\/div><\/div>\n<\/div>\n\n<div class=\"et_pb_column_4 et_pb_column et_pb_column_1_4 et_block_column et_pb_css_mix_blend_mode_passthrough et_clickable\">\n<div class=\"et_pb_heading_1 et_pb_heading et_pb_module et_block_module\"><div class=\"et_pb_heading_container\"><h5 class=\"et_pb_module_header\">ASSESSORAMENT FILOS\u00d2FIC<\/h5><\/div><\/div>\n<\/div>\n\n<div class=\"et_pb_column_5 et_pb_column et_pb_column_1_4 et_block_column et_pb_css_mix_blend_mode_passthrough et_clickable\">\n<div class=\"et_pb_heading_2 et_pb_heading et_pb_module et_block_module\"><div class=\"et_pb_heading_container\"><h5 class=\"et_pb_module_header\">DI\u00c0LEGS FILOS\u00d2FICS<\/h5><\/div><\/div>\n<\/div>\n\n<div class=\"et_pb_column_6 et_pb_column et_pb_column_1_4 et-last-child et_block_column et_pb_css_mix_blend_mode_passthrough et_clickable\">\n<div class=\"et_pb_heading_3 et_pb_heading et_pb_module et_block_module\"><div class=\"et_pb_heading_container\"><h5 class=\"et_pb_module_header\">BLOG<\/h5><\/div><\/div>\n<\/div>\n<\/div>\n<\/div>\n\n<div class=\"et_pb_section_3 et_pb_section et_section_regular et_block_section\">\n<div class=\"et_pb_row_3 et_pb_row et_pb_row_4col et_pb_equal_columns et_pb_gutters2 et_block_row\">\n<div class=\"et_pb_column_7 et_pb_column et_pb_column_1_4 et_block_column et_pb_css_mix_blend_mode_passthrough\">\n<div class=\"et_pb_divider_0 et_pb_divider_hidden et_pb_space et_pb_divider_position_top et_pb_module\"><div class=\"et_pb_divider_internal\"><\/div><\/div>\n<\/div>\n\n<div class=\"et_pb_column_8 et_pb_column et_pb_column_1_4 et_block_column et_pb_css_mix_blend_mode_passthrough\">\n<div class=\"et_pb_text_3 et_pb_text et_pb_bg_layout_light et_pb_module et_block_module preset--group--divi-text--divi-font-body--default preset--module--divi-text--29bb3e4b-c4aa-4616-b935-758c4e4734e8\"><div class=\"et_pb_text_inner\"><h4>Arminda Garc\u00eda Galv\u00e1n<\/h4>\n<\/div><\/div>\n\n<div class=\"et_pb_text_4 et_pb_text et_pb_bg_layout_light et_pb_module et_block_module preset--group--divi-text--divi-font-body--default preset--module--divi-text--f0cf31b9-b2e7-4752-a57c-6e2f73347b36\"><div class=\"et_pb_text_inner\"><p><span>Llicenciada en Filosofia per la Universitat de Val\u00e8ncia. Ha rebut la formaci\u00f3 d\u2019Inside Dance de Sofia Machta i d\u2019Assessorament Filos\u00f2fic a l\u2019Escola de Filosofia Sapiencial de M\u00f3nica Cavall\u00e9.<\/span><\/p>\n<\/div><\/div>\n\n<div class=\"et_pb_module et_pb_button_module_wrapper et_pb_button_0_wrapper preset--group--divi-button--divi-button--default_wrapper preset--module--divi-button--0df676f3-61e9-4bdb-9d62-c77cb87fa6d0_wrapper\"><a class=\"et_pb_button_0 et_pb_button et_pb_bg_layout_light et_pb_module et_block_module preset--group--divi-button--divi-button--default preset--module--divi-button--0df676f3-61e9-4bdb-9d62-c77cb87fa6d0\" href=\"https:\/\/logosatendido.com\/ca\/sobre-nosaltres-filosofes\/\" data-icon=\"$\">Llegir m\u00e9s<\/a><\/div>\n<\/div>\n\n<div class=\"et_pb_column_9 et_pb_column et_pb_column_1_4 et_block_column et_pb_css_mix_blend_mode_passthrough\">\n<div class=\"et_pb_divider_1 et_pb_divider_hidden et_pb_space et_pb_divider_position_top et_pb_module\"><div class=\"et_pb_divider_internal\"><\/div><\/div>\n<\/div>\n\n<div class=\"et_pb_column_10 et_pb_column et_pb_column_1_4 et-last-child et_block_column et_pb_css_mix_blend_mode_passthrough\">\n<div class=\"et_pb_text_5 et_pb_text et_pb_bg_layout_light et_pb_module et_block_module preset--group--divi-text--divi-font-body--default preset--module--divi-text--29bb3e4b-c4aa-4616-b935-758c4e4734e8\"><div class=\"et_pb_text_inner\"><h4>Silvia Artigues S\u00e1nchez<\/h4>\n<\/div><\/div>\n\n<div class=\"et_pb_text_6 et_pb_text et_pb_bg_layout_light et_pb_module et_block_module preset--group--divi-text--divi-font-body--default preset--module--divi-text--f0cf31b9-b2e7-4752-a57c-6e2f73347b36\"><div class=\"et_pb_text_inner\"><p><span>Llicenciada en Filosofia per la Universitat de Val\u00e8ncia, Fil\u00f2sofa Assessora formada a l\u2019Escola de Filosofia Sapiencial de M\u00f3nica Cavall\u00e9, i especialista en Mindfulness i Desenvolupament Personal per la Universitat d\u2019Almeria (UAL).<\/span><\/p>\n<\/div><\/div>\n\n<div class=\"et_pb_module et_pb_button_module_wrapper et_pb_button_1_wrapper preset--group--divi-button--divi-button--default_wrapper preset--module--divi-button--0df676f3-61e9-4bdb-9d62-c77cb87fa6d0_wrapper\"><a class=\"et_pb_button_1 et_pb_button et_pb_bg_layout_light et_pb_module et_block_module preset--group--divi-button--divi-button--default preset--module--divi-button--0df676f3-61e9-4bdb-9d62-c77cb87fa6d0\" href=\"https:\/\/logosatendido.com\/ca\/sobre-nosaltres-filosofes\/\" data-icon=\"$\">Llegir m\u00e9s<\/a><\/div>\n<\/div>\n<\/div>\n<\/div>\n\n<div class=\"et_pb_section_4 et_pb_section et_section_regular et_block_section\">\n<div class=\"et_pb_row_4 et_pb_row et_pb_gutters3 et_block_row\">\n<div class=\"et_pb_column_11 et_pb_column et_pb_column_4_4 et-last-child et_block_column et_pb_css_mix_blend_mode_passthrough\">\n<div class=\"et_pb_text_7 et_pb_text et_pb_bg_layout_light et_pb_module et_block_module preset--group--divi-text--divi-font-body--default preset--module--divi-text--default\"><\/div>\n\n<div class=\"et_pb_text_8 et_pb_text et_pb_bg_layout_light et_pb_module et_block_module preset--group--divi-text--divi-font-body--default preset--module--divi-text--default\"><div class=\"et_pb_text_inner\"><p data-pm-slice=\"1 1 []\"><span>Si t&#8217;interessa iniciar un cam\u00ed d&#8217;autoconeixement, explorar l&#8217;assessorament filos\u00f2fic o simplement con\u00e9ixer m\u00e9s sobre aquesta pr\u00e0ctica, posa&#8217;t en contacte amb nosaltres. Estarem encantades de respondre&#8217;t com m\u00e9s aviat millor.<\/span><\/p>\n<\/div><\/div>\n\n<div class=\"et_pb_module et_pb_button_module_wrapper et_pb_button_2_wrapper preset--group--divi-button--divi-button--default_wrapper preset--module--divi-button--default_wrapper\"><a class=\"et_pb_button_2 et_pb_button et_pb_bg_layout_light et_pb_module et_block_module preset--group--divi-button--divi-button--default preset--module--divi-button--default\" href=\"https:\/\/logosatendido.com\/contacto-filosofico\/\" data-icon=\"\uf0a9\">SOL\u00b7LICITAR INFORMACI\u00d3<\/a><\/div>\n<\/div>\n<\/div>\n<\/div>","protected":false},"excerpt":{"rendered":"","protected":false},"author":1,"featured_media":0,"parent":0,"menu_order":0,"comment_status":"closed","ping_status":"closed","template":"","meta":{"footnotes":""},"class_list":["post-597","page","type-page","status-publish","hentry"],"_links":{"self":[{"href":"https:\/\/logosatendido.com\/ca\/wp-json\/wp\/v2\/pages\/597","targetHints":{"allow":["GET"]}}],"collection":[{"href":"https:\/\/logosatendido.com\/ca\/wp-json\/wp\/v2\/pages"}],"about":[{"href":"https:\/\/logosatendido.com\/ca\/wp-json\/wp\/v2\/types\/page"}],"author":[{"embeddable":true,"href":"https:\/\/logosatendido.com\/ca\/wp-json\/wp\/v2\/users\/1"}],"replies":[{"embeddable":true,"href":"https:\/\/logosatendido.com\/ca\/wp-json\/wp\/v2\/comments?post=597"}],"version-history":[{"count":13,"href":"https:\/\/logosatendido.com\/ca\/wp-json\/wp\/v2\/pages\/597\/revisions"}],"predecessor-version":[{"id":920,"href":"https:\/\/logosatendido.com\/ca\/wp-json\/wp\/v2\/pages\/597\/revisions\/920"}],"wp:attachment":[{"href":"https:\/\/logosatendido.com\/ca\/wp-json\/wp\/v2\/media?parent=597"}],"curies":[{"name":"wp","href":"https:\/\/api.w.org\/{rel}","templated":true}]}}