{"id":580,"date":"2025-05-13T11:26:11","date_gmt":"2025-05-13T09:26:11","guid":{"rendered":"https:\/\/logosatendido.com\/politica-privacidad\/"},"modified":"2025-11-25T16:53:12","modified_gmt":"2025-11-25T15:53:12","slug":"politica-privacitat","status":"publish","type":"page","link":"https:\/\/logosatendido.com\/ca\/politica-privacitat\/","title":{"rendered":"Pol\u00edtica de privacitat"},"content":{"rendered":"<div class=\"et_pb_section_0 et_pb_section et_section_regular et_block_section et_pb_section_parallax\"><span class=\"et-pb-parallax-wrapper\"><span class=\"et-pb-parallax-background et-pb-parallax-background-module--divi-section-0\" style=\"background-image:url(https:\/\/logosatendido.com\/wp-content\/uploads\/2025\/07\/filosofia-el-logos-atendido-3.jpg)\"><\/span><\/span>\n<div class=\"et_pb_row_0 et_pb_row et_pb_gutters3 et_block_row\">\n<div class=\"et_pb_column_0 et_pb_column et_pb_column_4_4 et-last-child et_block_column et_pb_css_mix_blend_mode_passthrough\">\n<div class=\"et_pb_text_0 et_pb_text et_pb_bg_layout_light et_pb_module et_block_module preset--group--divi-text--divi-font-body--default preset--module--divi-text--default\"><div class=\"et_pb_text_inner\"><h1 data-pm-slice=\"1 1 []\">Pol\u00edtica de privacitat<\/h1>\n<\/div><\/div>\n<\/div>\n<\/div>\n<\/div>\n\n<div class=\"et_pb_section_1 et_pb_section et_section_regular et_block_section\">\n<div class=\"et_pb_row_1 et_pb_row et_pb_gutters3 et_block_row\">\n<div class=\"et_pb_column_1 et_pb_column et_pb_column_4_4 et-last-child et_block_column et_pb_css_mix_blend_mode_passthrough\">\n<div class=\"et_pb_text_1 et_pb_text et_pb_bg_layout_light et_pb_module et_block_module preset--group--divi-text--divi-font-body--default preset--module--divi-text--default\"><div class=\"et_pb_text_inner\"><h2 data-pm-slice=\"1 1 []\">Qui som<\/h2>\n<p>La web &#8220;EL LOGOS ATENDIDO&#8221; \u00e9s un projecte d&#8217;Arminda Garc\u00eda Galv\u00e1n i S\u00edlvia Artigues S\u00e1nchez.<br \/>L&#8217;adre\u00e7a de la nostra web \u00e9s: <a target=\"_blank\" rel=\"noopener noreferrer nofollow\" href=\"https:\/\/logosatendido.com\">https:\/\/logosatendido.com<\/a>.<\/p>\n<p>\u00a0<\/p>\n<h2>Comentaris<\/h2>\n<p>Quan els visitants deixen comentaris a la web, recopilem les dades que es mostren al formulari de comentaris, aix\u00ed com l&#8217;adre\u00e7a IP del visitant i la cadena d&#8217;agents d&#8217;usuari del navegador per ajudar a la detecci\u00f3 de correu brossa.<\/p>\n<p>Una cadena an\u00f2nima creada a partir de la teua adre\u00e7a de correu electr\u00f2nic (tamb\u00e9 anomenada hash) pot ser proporcionada al servei de Gravatar per veure si l&#8217;uses. La pol\u00edtica de privadesa del servei Gravatar est\u00e0 disponible aqu\u00ed: <a target=\"_blank\" rel=\"noopener noreferrer nofollow\" href=\"https:\/\/automattic.com\/privacy\/\">https:\/\/automattic.com\/privacy\/<\/a>. Despr\u00e9s de l&#8217;aprovaci\u00f3 del vostre comentari, la imatge del vostre perfil \u00e9s visible per al p\u00fablic en el context del vostre comentari.<\/p>\n<p>\u00a0<\/p>\n<h2>Galetes<\/h2>\n<p>Si deixes un comentari al nostre lloc pots triar desar el teu nom, adre\u00e7a de correu electr\u00f2nic i web a galetes. Aix\u00f2 \u00e9s per a la teua comoditat, perqu\u00e8 no hages de tornar a emplenar les dades quan deixes un altre comentari. Aquestes galetes tindran una durada d&#8217;un any.<\/p>\n<p>Si tens un compte i et connectes a aquest lloc, instal\u00b7larem una galeta temporal per determinar si el teu navegador accepta galetes. Aquesta galeta no cont\u00e9 dades personals i s&#8217;elimina en tancar el navegador.<\/p>\n<p>Quan hi accedesques, tamb\u00e9 instal\u00b7larem diverses galetes per desar la teua informaci\u00f3 d&#8217;acc\u00e9s i les teues opcions de visualitzaci\u00f3 de pantalla. Les galetes d&#8217;acc\u00e9s duren dos dies i les galetes d&#8217;opcions de pantalla duren un any. Si seleccioneu \u00abRecordar-me\u00bb, el vostre acc\u00e9s perdurar\u00e0 durant dues setmanes. Si surts del teu compte, les galetes d&#8217;acc\u00e9s s&#8217;eliminaran.<\/p>\n<p>Si edites o publiques un article es guardar\u00e0 una galeta addicional al teu navegador. Aquesta galeta no inclou dades personals i simplement indica l&#8217;ID de l&#8217;article que acabeu d&#8217;editar. Caduca despr\u00e9s d&#8217;un dia.<\/p>\n<p>\u00a0<\/p>\n<h2>Contingut incrustat d&#8217;altres llocs web<\/h2>\n<p>Els articles d&#8217;aquest lloc web poden incloure contingut incrustat (per exemple, v\u00eddeos, imatges, articles, etc.). El contingut incrustat d&#8217;altres webs es comporta exactament de la mateixa manera que si el visitant hagu\u00e9s visitat l&#8217;altra web.<\/p>\n<p>Aquestes webs poden recopilar dades sobre tu, utilitzar galetes, incrustar un seguiment addicional de tercers, i supervisar la teua interacci\u00f3 amb aquest contingut incrustat, incl\u00f2s el seguiment de la teua interacci\u00f3 amb el contingut incrustat si tens un compte i est\u00e0s connectat a aquest web.<\/p>\n<p>\u00a0<\/p>\n<h2>Amb qui compartim les teues dades<\/h2>\n<p>Si sol\u00b7liciteu un restabliment de contrasenya, la vostra adre\u00e7a IP s&#8217;inclour\u00e0 en el correu electr\u00f2nic de restabliment.<\/p>\n<p>\u00a0<\/p>\n<h2>Quant de temps conservem les teues dades<\/h2>\n<p>Si deixeu un comentari, el comentari i les seues metadades es conserven indefinidament. Aix\u00f2 \u00e9s perqu\u00e8 puguem recon\u00e9ixer i aprovar comentaris successius autom\u00e0ticament, en lloc de mantenir-los en una cua de moderaci\u00f3.<\/p>\n<p>Dels usuaris que es registren a la nostra web (si n&#8217;hi ha), tamb\u00e9 emmagatzemem la informaci\u00f3 personal que proporcionen al vostre perfil d&#8217;usuari. Tots els usuaris poden veure, editar o eliminar la vostra informaci\u00f3 personal en qualsevol moment (excepte que no poden canviar el vostre nom d&#8217;usuari). Els administradors de la web tamb\u00e9 poden veure i editar aquesta informaci\u00f3.<\/p>\n<p>\u00a0<\/p>\n<h2>Quins drets tens sobre les teues dades<\/h2>\n<p>Si tens un compte o has deixat comentaris en aquesta web, pots sol\u00b7licitar rebre un fitxer d&#8217;exportaci\u00f3 de les dades personals que tenim sobre tu, incloent-hi qualsevol dada que ens hages proporcionat. Tamb\u00e9 pots sol\u00b7licitar que eliminem qualsevol dada personal que tinguem sobre tu. Aix\u00f2 no inclou cap dada que estiguem obligats a conservar amb fins administratius, legals o de seguretat.<\/p>\n<p>Els nostres correus electr\u00f2nics s\u00f3n:<br \/>Arminda: <a target=\"_blank\" rel=\"noopener noreferrer nofollow\" href=\"mailto:garciagalvanarminda@gmail.com\">garciagalvanarminda@gmail.com<\/a><br \/>S\u00edlvia: <a target=\"_blank\" rel=\"noopener noreferrer nofollow\" href=\"mailto:silviartisan@gmail.com\">silviartisan@gmail.com<\/a><\/p>\n<p>\u00a0<\/p>\n<h2>On s&#8217;envien les teues dades<\/h2>\n<p>Els comentaris dels visitants poden ser revisats per un servei de detecci\u00f3 autom\u00e0tica de correu brossa.<\/p>\n<p>\u00a0<\/p>\n<\/div><\/div>\n<\/div>\n<\/div>\n<\/div>","protected":false},"excerpt":{"rendered":"","protected":false},"author":1,"featured_media":0,"parent":0,"menu_order":0,"comment_status":"closed","ping_status":"closed","template":"","meta":{"footnotes":""},"class_list":["post-580","page","type-page","status-publish","hentry"],"_links":{"self":[{"href":"https:\/\/logosatendido.com\/ca\/wp-json\/wp\/v2\/pages\/580","targetHints":{"allow":["GET"]}}],"collection":[{"href":"https:\/\/logosatendido.com\/ca\/wp-json\/wp\/v2\/pages"}],"about":[{"href":"https:\/\/logosatendido.com\/ca\/wp-json\/wp\/v2\/types\/page"}],"author":[{"embeddable":true,"href":"https:\/\/logosatendido.com\/ca\/wp-json\/wp\/v2\/users\/1"}],"replies":[{"embeddable":true,"href":"https:\/\/logosatendido.com\/ca\/wp-json\/wp\/v2\/comments?post=580"}],"version-history":[{"count":10,"href":"https:\/\/logosatendido.com\/ca\/wp-json\/wp\/v2\/pages\/580\/revisions"}],"predecessor-version":[{"id":879,"href":"https:\/\/logosatendido.com\/ca\/wp-json\/wp\/v2\/pages\/580\/revisions\/879"}],"wp:attachment":[{"href":"https:\/\/logosatendido.com\/ca\/wp-json\/wp\/v2\/media?parent=580"}],"curies":[{"name":"wp","href":"https:\/\/api.w.org\/{rel}","templated":true}]}}