{"id":520,"date":"2025-05-13T13:34:47","date_gmt":"2025-05-13T11:34:47","guid":{"rendered":"https:\/\/logosatendido.com\/asesoramiento-filosofico\/"},"modified":"2025-11-25T15:04:48","modified_gmt":"2025-11-25T14:04:48","slug":"assessorament-filosofic","status":"publish","type":"page","link":"https:\/\/logosatendido.com\/ca\/assessorament-filosofic\/","title":{"rendered":"Assessorament filos\u00f2fic"},"content":{"rendered":"<p><div class=\"et_d4_element et_pb_section et_pb_section_0 et_pb_section_parallax et_pb_with_background  et_pb_css_mix_blend_mode et_section_regular et_block_section\" >\n\t\t\t\t\n\t\t\t\t<span class=\"et_parallax_bg_wrap et-pb-parallax-wrapper\"><span\n\t\t\t\t\t\tclass=\"et_parallax_bg et_parallax_bg--et_pb_section_0\"\n\t\t\t\t\t\tstyle=\"background-image: url(https:\/\/logosatendido.com\/wp-content\/uploads\/2025\/05\/asesoramiento-filosofico-cabecera.jpg);\"\n\t\t\t\t\t><\/span><\/span>\n\t\t\t\t\n\t\t\t\t\n\t\t\t\t\n\t\t\t\t\n\t\t\t\t<div class=\"et_d4_element et_pb_row et_pb_row_0  et_pb_css_mix_blend_mode et_block_row\">\n\t\t\t\t<div class=\"et_d4_element et_pb_column_4_4 et_pb_column et_pb_column_0  et_pb_css_mix_blend_mode et-last-child et_block_column\">\n\t\t\t\t\n\t\t\t\t\n\t\t\t\t\n\t\t\t\t\n\t\t\t\t<div class=\"et_pb_module et_d4_element et_pb_text et_pb_text_0  et_pb_text_align_center et_pb_bg_layout_light\">\n\t\t\t\t\n\t\t\t\t\n\t\t\t\t\n\t\t\t\t\n\t\t\t\t<div class=\"et_pb_text_inner\"><h1>Assessorament filos\u00f2fic<\/h1><\/div>\n\t\t\t<\/div><div class=\"et_pb_module et_d4_element et_pb_text et_pb_text_1  et_pb_text_align_center et_pb_bg_layout_light\">\n\t\t\t\t\n\t\t\t\t\n\t\t\t\t\n\t\t\t\t\n\t\t\t\t<div class=\"et_pb_text_inner\"><p data-pm-slice=\"1 1 &#091;&#093;\">Tornar a ser un mateix<\/p><\/div>\n\t\t\t<\/div>\n\t\t\t<\/div>\n\t\t\t\t\n\t\t\t\t\n\t\t\t\t\n\t\t\t\t\n\t\t\t<\/div>\n\t\t\t\t\n\t\t\t\t\n\t\t\t<\/div><div class=\"et_d4_element et_pb_section et_pb_section_1  et_pb_css_mix_blend_mode et_section_regular et_block_section\" >\n\t\t\t\t\n\t\t\t\t\n\t\t\t\t\n\t\t\t\t\n\t\t\t\t\n\t\t\t\t\n\t\t\t\t<div class=\"et_d4_element et_pb_row et_pb_row_1  et_pb_css_mix_blend_mode et_block_row\">\n\t\t\t\t<div class=\"et_d4_element et_pb_column_1_2 et_pb_column et_pb_column_1  et_pb_css_mix_blend_mode et_block_column\">\n\t\t\t\t\n\t\t\t\t\n\t\t\t\t\n\t\t\t\t\n\t\t\t\t<div class=\"et_pb_module et_d4_element et_pb_text et_pb_text_2  et_pb_text_align_left et_pb_bg_layout_light\">\n\t\t\t\t\n\t\t\t\t\n\t\t\t\t\n\t\t\t\t\n\t\t\t\t<div class=\"et_pb_text_inner\"><p>L&#8217;assessorament filos\u00f2fic \u00e9s un acompanyament al cam\u00ed de tornada a un mateix. Aquest cam\u00ed es pot iniciar a qualsevol edat i en qualsevol moment si est\u00e0s interessat a rec\u00f3rrer-lo. Si sents desassossec, inquietud, est\u00e0s passant per moments dif\u00edcils o simplement ha despertat en tu un profund anhel de comprendre, un anhel de saviesa.<\/p>\n<p>&nbsp;<\/p>\n<p>El seu fonament \u00e9s la cerca de la veritat des de la llibertat. Entesa aquesta com la possibilitat de viure des d&#8217;un mateix, conscientment, present i no de manera autom\u00e0tica o seguint el curs del corrent col\u00b7lectiu, per in\u00e8rcia. Fer-nos amos de la nostra pr\u00f2pia vida.<\/p>\n<p>&nbsp;<\/p>\n<p>Els seus pilars s\u00f3n la reflexi\u00f3 i la mirada, contemplatives les dos. Sense presses es recorre aquest cam\u00ed de tornada a un mateix, d&#8217;autoreconeixement , amb sinceritat i coratge, acceptant all\u00f2 que hi ha sense justificar ni manipular les coses.<\/p><\/div>\n\t\t\t<\/div>\n\t\t\t<\/div><div class=\"et_d4_element et_pb_column_1_2 et_pb_column et_pb_column_2  et_pb_css_mix_blend_mode et-last-child et_block_column\">\n\t\t\t\t\n\t\t\t\t\n\t\t\t\t\n\t\t\t\t\n\t\t\t\t<div class=\"et_pb_module et_d4_element et_pb_image et_pb_image_0\">\n\t\t\t\t\n\t\t\t\t\n\t\t\t\t\n\t\t\t\t\n\t\t\t\t<span class=\"et_pb_image_wrap \"><img loading=\"lazy\" decoding=\"async\" width=\"598\" height=\"900\" src=\"https:\/\/logosatendido.com\/wp-content\/uploads\/2025\/08\/asesoramiento-filosofico-Arminda-Silvia.jpg\" alt=\"\" title=\"asesoramiento-filosofico-Arminda-Silvia\" srcset=\"https:\/\/logosatendido.com\/wp-content\/uploads\/2025\/08\/asesoramiento-filosofico-Arminda-Silvia.jpg 598w, https:\/\/logosatendido.com\/wp-content\/uploads\/2025\/08\/asesoramiento-filosofico-Arminda-Silvia-480x722.jpg 480w\" sizes=\"(min-width: 0px) and (max-width: 480px) 480px, (min-width: 481px) 598px, 100vw\" class=\"wp-image-433\" \/><\/span>\n\t\t\t<\/div>\n\t\t\t<\/div>\n\t\t\t\t\n\t\t\t\t\n\t\t\t\t\n\t\t\t\t\n\t\t\t<\/div><div class=\"et_d4_element et_pb_row et_pb_row_2  et_pb_css_mix_blend_mode et_block_row\">\n\t\t\t\t<div class=\"et_d4_element et_pb_column_1_2 et_pb_column et_pb_column_3  et_pb_css_mix_blend_mode et_block_column\">\n\t\t\t\t\n\t\t\t\t\n\t\t\t\t\n\t\t\t\t\n\t\t\t\t<div class=\"et_pb_module et_d4_element et_pb_image et_pb_image_1\">\n\t\t\t\t\n\t\t\t\t\n\t\t\t\t\n\t\t\t\t\n\t\t\t\t<span class=\"et_pb_image_wrap \"><img loading=\"lazy\" decoding=\"async\" width=\"700\" height=\"525\" src=\"https:\/\/logosatendido.com\/wp-content\/uploads\/2025\/08\/asesoramiento-filosofico-Silvia-Arminda.jpg\" alt=\"\" title=\"asesoramiento-filosofico-Silvia-Arminda\" srcset=\"https:\/\/logosatendido.com\/wp-content\/uploads\/2025\/08\/asesoramiento-filosofico-Silvia-Arminda.jpg 700w, https:\/\/logosatendido.com\/wp-content\/uploads\/2025\/08\/asesoramiento-filosofico-Silvia-Arminda-480x360.jpg 480w\" sizes=\"(min-width: 0px) and (max-width: 480px) 480px, (min-width: 481px) 700px, 100vw\" class=\"wp-image-439\" \/><\/span>\n\t\t\t<\/div>\n\t\t\t<\/div><div class=\"et_d4_element et_pb_column_1_2 et_pb_column et_pb_column_4  et_pb_css_mix_blend_mode et-last-child et_block_column\">\n\t\t\t\t\n\t\t\t\t\n\t\t\t\t\n\t\t\t\t\n\t\t\t\t<div class=\"et_pb_module et_d4_element et_pb_text et_pb_text_3  et_pb_text_align_left et_pb_bg_layout_light\">\n\t\t\t\t\n\t\t\t\t\n\t\t\t\t\n\t\t\t\t\n\t\t\t\t<div class=\"et_pb_text_inner\"><p>El fil\u00f2sof acompanya el consultant en aquesta cerca, tant si sorgeix d&#8217;un malestar com d&#8217;un anhel de comprensi\u00f3, mitjan\u00e7ant un di\u00e0leg obert, sentit i l\u00facid que va il\u00b7luminant els punts cecs, les ombres que ens acompanyen, els racons de la nostra casa, per prendre consci\u00e8ncia de la filosofia que opera al nostre diari viure i aix\u00ed poder revisar-la. Alliberant-nos d&#8217;aquelles creences que limiten el nostre emergir natural.<\/p><\/div>\n\t\t\t<\/div>\n\t\t\t<\/div>\n\t\t\t\t\n\t\t\t\t\n\t\t\t\t\n\t\t\t\t\n\t\t\t<\/div><div class=\"et_d4_element et_pb_row et_pb_row_3  et_pb_css_mix_blend_mode et_block_row\">\n\t\t\t\t<div class=\"et_d4_element et_pb_column_4_4 et_pb_column et_pb_column_5  et_pb_css_mix_blend_mode et-last-child et_block_column\">\n\t\t\t\t\n\t\t\t\t\n\t\t\t\t\n\t\t\t\t\n\t\t\t\t<div class=\"et_pb_module et_d4_element et_pb_text et_pb_text_4  et_pb_text_align_left et_pb_bg_layout_light\">\n\t\t\t\t\n\t\t\t\t\n\t\t\t\t\n\t\t\t\t\n\t\t\t\t<div class=\"et_pb_text_inner\"><blockquote><p><em>\u201c&#8221;El que vost\u00e8 \u00e9s ja ho \u00e9s. Coneixent el que vost\u00e8 no \u00e9s, se n&#8217;allibera i roman en el seu propi estat natural. Tot passa molt espont\u00e0niament i sense esfor\u00e7&#8221;.<\/em><\/p>\n<h6 style=\"text-align: right;\">Nisargadatta. Jo s\u00f3c aix\u00f2.<\/h6>\n<\/blockquote><\/div>\n\t\t\t<\/div>\n\t\t\t<\/div>\n\t\t\t\t\n\t\t\t\t\n\t\t\t\t\n\t\t\t\t\n\t\t\t<\/div>\n\t\t\t\t\n\t\t\t\t\n\t\t\t<\/div><\/p>\n","protected":false},"excerpt":{"rendered":"","protected":false},"author":1,"featured_media":521,"parent":0,"menu_order":0,"comment_status":"closed","ping_status":"closed","template":"","meta":{"_et_pb_use_builder":"on","_et_pb_old_content":"<!-- wp:divi\/placeholder \/-->","_et_gb_content_width":"","footnotes":""},"class_list":["post-520","page","type-page","status-publish","has-post-thumbnail","hentry"],"_links":{"self":[{"href":"https:\/\/logosatendido.com\/ca\/wp-json\/wp\/v2\/pages\/520","targetHints":{"allow":["GET"]}}],"collection":[{"href":"https:\/\/logosatendido.com\/ca\/wp-json\/wp\/v2\/pages"}],"about":[{"href":"https:\/\/logosatendido.com\/ca\/wp-json\/wp\/v2\/types\/page"}],"author":[{"embeddable":true,"href":"https:\/\/logosatendido.com\/ca\/wp-json\/wp\/v2\/users\/1"}],"replies":[{"embeddable":true,"href":"https:\/\/logosatendido.com\/ca\/wp-json\/wp\/v2\/comments?post=520"}],"version-history":[{"count":1,"href":"https:\/\/logosatendido.com\/ca\/wp-json\/wp\/v2\/pages\/520\/revisions"}],"predecessor-version":[{"id":845,"href":"https:\/\/logosatendido.com\/ca\/wp-json\/wp\/v2\/pages\/520\/revisions\/845"}],"wp:featuredmedia":[{"embeddable":true,"href":"https:\/\/logosatendido.com\/ca\/wp-json\/wp\/v2\/media\/521"}],"wp:attachment":[{"href":"https:\/\/logosatendido.com\/ca\/wp-json\/wp\/v2\/media?parent=520"}],"curies":[{"name":"wp","href":"https:\/\/api.w.org\/{rel}","templated":true}]}}