{"id":507,"date":"2025-05-13T13:34:36","date_gmt":"2025-05-13T11:34:36","guid":{"rendered":"https:\/\/logosatendido.com\/filosofia-practica\/"},"modified":"2025-11-25T15:03:42","modified_gmt":"2025-11-25T14:03:42","slug":"filosofia-practica","status":"publish","type":"page","link":"https:\/\/logosatendido.com\/ca\/filosofia-practica\/","title":{"rendered":"Filosofia pr\u00e0ctica"},"content":{"rendered":"<div class=\"et_pb_section_0 et_pb_section et_section_regular et_block_section et_pb_section_parallax\"><span class=\"et-pb-parallax-wrapper\"><span class=\"et-pb-parallax-background et-pb-parallax-background-module--divi-section-0\" style=\"background-image:url(https:\/\/logosatendido.com\/wp-content\/uploads\/2025\/05\/filosofia-el-logos-atendido-.jpg)\"><\/span><\/span>\n<div class=\"et_pb_row_0 et_pb_row et_pb_gutters3 et_block_row\">\n<div class=\"et_pb_column_0 et_pb_column et_pb_column_4_4 et-last-child et_block_column et_pb_css_mix_blend_mode_passthrough\">\n<div class=\"et_pb_image_0 et_pb_image et_pb_module et_block_module\"><span class=\"et_pb_image_wrap\"><img loading=\"lazy\" decoding=\"async\" src=\"https:\/\/logosatendido.com\/wp-content\/uploads\/2025\/07\/fine-dining-illustration-1@2x.png\" width=\"140\" height=\"228\" sizes=\"(max-width: 140px) 100vw, 140px\" class=\"wp-image-161\" title=\"fine-dining-illustration-1@2x\" \/><\/span><\/div>\n\n<div class=\"et_pb_text_0 et_pb_text et_pb_bg_layout_light et_pb_module et_block_module preset--group--divi-text--divi-font-body--default preset--module--divi-text--default\"><div class=\"et_pb_text_inner\"><h1>FILOSOFIA PR\u00c0CTICA<\/h1>\n<\/div><\/div>\n\n<div class=\"et_pb_text_1 et_pb_text et_pb_bg_layout_light et_pb_module et_block_module preset--group--divi-text--divi-font-body--default preset--module--divi-text--default\"><div class=\"et_pb_text_inner\"><p><span>Una filosofia practicada?<\/span><\/p>\n<\/div><\/div>\n\n<div class=\"et_pb_module et_pb_button_module_wrapper et_pb_button_0_wrapper preset--group--divi-button--divi-button--default_wrapper preset--module--divi-button--default_wrapper\"><a class=\"et_pb_button_0 et_pb_button et_pb_bg_layout_light et_pb_module et_block_module preset--group--divi-button--divi-button--default preset--module--divi-button--default\" href=\"https:\/\/logosatendido.com\/contacto-filosofico\/\">Reserva una sessi\u00f3<\/a><\/div>\n<\/div>\n<\/div>\n<\/div>\n\n<div class=\"et_pb_section_1 et_pb_section et_section_regular et_block_section\">\n<div class=\"et_pb_row_1 et_pb_row et_pb_gutters3 et_block_row\">\n<div class=\"et_pb_column_1 et_pb_column et_pb_column_1_2 et_block_column et_pb_css_mix_blend_mode_passthrough\">\n<div class=\"et_pb_heading_0 et_pb_heading et_pb_module et_block_module\"><div class=\"et_pb_heading_container\"><h4 class=\"et_pb_module_header\">\u00bfUna filosofia practicada?<\/h4><\/div><\/div>\n\n<div class=\"et_pb_heading_1 et_pb_heading et_pb_module et_block_module\"><div class=\"et_pb_heading_container\"><h2 class=\"et_pb_module_header\">Quina necessitat hi ha d\u2019afegir \u201cpr\u00e0ctica\u201d a la filosofia?<\/h2><\/div><\/div>\n\n<div class=\"et_pb_text_2 et_pb_text et_pb_bg_layout_light et_pb_module et_block_module preset--group--divi-text--divi-font-body--default preset--module--divi-text--default\"><div class=\"et_pb_text_inner\"><p>Sembla que necessitem aclarir que la filosofia que ens porta entre mans \u00e9s pr\u00e0ctica i no te\u00f2rica, practicada i no teoritzada. I, efectivament, \u00e9s aix\u00ed.<\/p>\n<p>Als seus or\u00edgens la filosofia neix per donar remei a la necessitat de con\u00e9ixer de l&#8217;home, a la necessitat de comprendre tant el m\u00f3n que l&#8217;envolta com el seu propi m\u00f3n interior. La filosofia estava imbricada en la quotidianitat de la vida, responent a l&#8217;anhel de trobar saviesa. En el nostre caminar pel temps oblidem la pr\u00e0ctica per centrar-nos en la teoria, en els conceptes que, tancats en si mateixos, acaben cristal\u00b7litzant la realitat.<\/p>\n<p>Per\u00f2, novament, la filosofia pren aire, obri les finestres i deixa passar la llum. No es tracta d&#8217;abandonar les idees, al contrari, les idees reneixen amb una nova vida que els fa pensar viu, ric en imaginaci\u00f3, ric en sentiment.<\/p>\n<p>La filosofia recupera la seva condici\u00f3 de pr\u00e0ctica, abandona la c\u00e0tedra i torna al carrer, a la casa, a la vida de cadasc\u00fa\u2026 la vida que, en realitat, mai no va abandonar. Cada vegada s\u00f3n m\u00e9s les persones desitjoses d&#8217;emprendre aquest cam\u00ed de coneixement, no acad\u00e8mic sin\u00f3 sentit. Un profund anhel filos\u00f2fic sorgix de nosaltres, con\u00e9ixer-nos, comprendre la nostra vida i el m\u00f3n, veure els nostres l\u00edmits i ampliar-nos, sortir-ne o acceptar-los, ser el que estem cridats a ser amb el nostre m\u00e0xim potencial.<br \/>Obrim aquest espai com a finestra que pret\u00e9n deixar veure a tots aquells que vulguen aguaitar la pr\u00e0ctica filos\u00f2fica en les seves diferents expressions. Filosofia practicada, per fi.<\/p>\n<\/div><\/div>\n<\/div>\n\n<div class=\"et_pb_column_2 et_pb_column et_pb_column_1_2 et-last-child et_block_column et_pb_css_mix_blend_mode_passthrough\">\n<div class=\"et_pb_image_1 et_pb_image et_pb_module et_block_module\"><span class=\"et_pb_image_wrap\"><img loading=\"lazy\" decoding=\"async\" src=\"https:\/\/logosatendido.com\/wp-content\/uploads\/2025\/08\/filosofia-practica.jpg\" width=\"689\" height=\"900\" srcset=\"https:\/\/logosatendido.com\/wp-content\/uploads\/2025\/08\/filosofia-practica.jpg 689w, https:\/\/logosatendido.com\/wp-content\/uploads\/2025\/08\/filosofia-practica-480x627.jpg 480w\" sizes=\"(min-width: 0px) and (max-width: 480px) 480px, (min-width: 481px) 689px, 100vw\" class=\"wp-image-436\" title=\"Filosof\u00eda pr\u00e1ctica\" alt=\"Filosof\u00eda pr\u00e1ctica\" \/><\/span><\/div>\n<\/div>\n<\/div>\n<\/div>","protected":false},"excerpt":{"rendered":"","protected":false},"author":1,"featured_media":508,"parent":0,"menu_order":0,"comment_status":"closed","ping_status":"closed","template":"","meta":{"footnotes":""},"class_list":["post-507","page","type-page","status-publish","has-post-thumbnail","hentry"],"_links":{"self":[{"href":"https:\/\/logosatendido.com\/ca\/wp-json\/wp\/v2\/pages\/507","targetHints":{"allow":["GET"]}}],"collection":[{"href":"https:\/\/logosatendido.com\/ca\/wp-json\/wp\/v2\/pages"}],"about":[{"href":"https:\/\/logosatendido.com\/ca\/wp-json\/wp\/v2\/types\/page"}],"author":[{"embeddable":true,"href":"https:\/\/logosatendido.com\/ca\/wp-json\/wp\/v2\/users\/1"}],"replies":[{"embeddable":true,"href":"https:\/\/logosatendido.com\/ca\/wp-json\/wp\/v2\/comments?post=507"}],"version-history":[{"count":1,"href":"https:\/\/logosatendido.com\/ca\/wp-json\/wp\/v2\/pages\/507\/revisions"}],"predecessor-version":[{"id":844,"href":"https:\/\/logosatendido.com\/ca\/wp-json\/wp\/v2\/pages\/507\/revisions\/844"}],"wp:featuredmedia":[{"embeddable":true,"href":"https:\/\/logosatendido.com\/ca\/wp-json\/wp\/v2\/media\/508"}],"wp:attachment":[{"href":"https:\/\/logosatendido.com\/ca\/wp-json\/wp\/v2\/media?parent=507"}],"curies":[{"name":"wp","href":"https:\/\/api.w.org\/{rel}","templated":true}]}}